{"id":39,"date":"2017-03-10T15:50:56","date_gmt":"2017-03-10T14:50:56","guid":{"rendered":"http:\/\/sanni.it\/blog\/?page_id=39"},"modified":"2021-10-06T08:49:56","modified_gmt":"2021-10-06T06:49:56","slug":"ideenheft","status":"publish","type":"page","link":"http:\/\/sanni.it\/blog\/ideenheft\/","title":{"rendered":"Ideenheft"},"content":{"rendered":"<p>Kreativ sein. Querdenken. Unser t\u00e4glich Brot. Und auch das, was wir an unserem Job am allermeisten lieben. Klar, es gibt auch Momente, da scheinen sich die z\u00fcndenden Ideen hinter den Monitoren in unserem B\u00fcro zu verstecken. Wenn die Fantasie streikt, ist Inspiration gefragt. Das kann Vieles sein. Sch\u00f6ne Dinge etwa oder interessante Geschichten. Alltagskomik. Ein Lieblingsrezept. Innovative Projekte, die Mut machen oder ein Gedanke, der ber\u00fchrt. Menschen mit Ecken und Kanten, die durch ihre Art zu Sein zauberhaft inspirierend sind.<\/p>\n<p>In unserem Blog geht es genau darum: Hier heften wir Ideen zusammen und erz\u00e4hlen von all den wertvollen Originalit\u00e4ts-Triggern, die auch das dickste Brett vor dem Kopf mit Leichtigkeit wegpusten&#8230;<\/p>\n<p><a href=\"http:\/\/sanni.it\/blog\">zur\u00fcck<\/a><\/p>\n","protected":false},"excerpt":{"rendered":"<p>Kreativ sein. Querdenken. Unser t\u00e4glich Brot. Und auch das, was wir an unserem Job am allermeisten lieben. Klar, es gibt auch Momente, da scheinen sich&#8230;<\/p>\n","protected":false},"author":2,"featured_media":163,"parent":0,"menu_order":0,"comment_status":"closed","ping_status":"closed","template":"page-fullwidth.php","meta":{"footnotes":""},"class_list":["post-39","page","type-page","status-publish","has-post-thumbnail","hentry"],"yoast_head":"<!-- This site is optimized with the Yoast SEO plugin v24.2 - https:\/\/yoast.com\/wordpress\/plugins\/seo\/ -->\n<title>SANNI design &amp; kommunikation - Unser Ideenheft<\/title>\n<meta name=\"description\" content=\"Als Agentur f\u00fcr Design &amp; Kommunikation geht es in unserem Arbeitsalltag vor allem um Eines: Kreativit\u00e4t. In unserem Blog Ideenheft sammeln wir Inspiration.\" \/>\n<meta name=\"robots\" content=\"index, follow, max-snippet:-1, max-image-preview:large, max-video-preview:-1\" \/>\n<link rel=\"canonical\" href=\"http:\/\/sanni.it\/blog\/ideenheft\/\" \/>\n<meta property=\"og:locale\" content=\"de_DE\" \/>\n<meta property=\"og:type\" content=\"article\" \/>\n<meta property=\"og:title\" content=\"SANNI design &amp; kommunikation - Unser Ideenheft\" \/>\n<meta property=\"og:description\" content=\"Als Agentur f\u00fcr Design &amp; Kommunikation geht es in unserem Arbeitsalltag vor allem um Eines: Kreativit\u00e4t. In unserem Blog Ideenheft sammeln wir Inspiration.\" \/>\n<meta property=\"og:url\" content=\"http:\/\/sanni.it\/blog\/ideenheft\/\" \/>\n<meta property=\"og:site_name\" content=\"Blog Sanni\" \/>\n<meta property=\"article:modified_time\" content=\"2021-10-06T06:49:56+00:00\" \/>\n<meta property=\"og:image\" content=\"http:\/\/sanni.it\/blog\/wp-content\/uploads\/2017\/03\/06-1-1024x683.jpg\" \/>\n\t<meta property=\"og:image:width\" content=\"1024\" \/>\n\t<meta property=\"og:image:height\" content=\"683\" \/>\n\t<meta property=\"og:image:type\" content=\"image\/jpeg\" \/>\n<meta name=\"twitter:card\" content=\"summary_large_image\" \/>\n<meta name=\"twitter:label1\" content=\"Gesch\u00e4tzte Lesezeit\" \/>\n\t<meta name=\"twitter:data1\" content=\"1\u00a0Minute\" \/>\n<script type=\"application\/ld+json\" class=\"yoast-schema-graph\">{\"@context\":\"https:\/\/schema.org\",\"@graph\":[{\"@type\":\"WebPage\",\"@id\":\"http:\/\/sanni.it\/blog\/ideenheft\/\",\"url\":\"http:\/\/sanni.it\/blog\/ideenheft\/\",\"name\":\"SANNI design & kommunikation - Unser Ideenheft\",\"isPartOf\":{\"@id\":\"http:\/\/sanni.it\/blog\/#website\"},\"primaryImageOfPage\":{\"@id\":\"http:\/\/sanni.it\/blog\/ideenheft\/#primaryimage\"},\"image\":{\"@id\":\"http:\/\/sanni.it\/blog\/ideenheft\/#primaryimage\"},\"thumbnailUrl\":\"http:\/\/sanni.it\/blog\/wp-content\/uploads\/2017\/03\/06-1.jpg\",\"datePublished\":\"2017-03-10T14:50:56+00:00\",\"dateModified\":\"2021-10-06T06:49:56+00:00\",\"description\":\"Als Agentur f\u00fcr Design & Kommunikation geht es in unserem Arbeitsalltag vor allem um Eines: Kreativit\u00e4t. In unserem Blog Ideenheft sammeln wir Inspiration.\",\"breadcrumb\":{\"@id\":\"http:\/\/sanni.it\/blog\/ideenheft\/#breadcrumb\"},\"inLanguage\":\"de\",\"potentialAction\":[{\"@type\":\"ReadAction\",\"target\":[\"http:\/\/sanni.it\/blog\/ideenheft\/\"]}]},{\"@type\":\"ImageObject\",\"inLanguage\":\"de\",\"@id\":\"http:\/\/sanni.it\/blog\/ideenheft\/#primaryimage\",\"url\":\"http:\/\/sanni.it\/blog\/wp-content\/uploads\/2017\/03\/06-1.jpg\",\"contentUrl\":\"http:\/\/sanni.it\/blog\/wp-content\/uploads\/2017\/03\/06-1.jpg\",\"width\":4272,\"height\":2848},{\"@type\":\"BreadcrumbList\",\"@id\":\"http:\/\/sanni.it\/blog\/ideenheft\/#breadcrumb\",\"itemListElement\":[{\"@type\":\"ListItem\",\"position\":1,\"name\":\"Startseite\",\"item\":\"http:\/\/sanni.it\/blog\/\"},{\"@type\":\"ListItem\",\"position\":2,\"name\":\"Ideenheft\"}]},{\"@type\":\"WebSite\",\"@id\":\"http:\/\/sanni.it\/blog\/#website\",\"url\":\"http:\/\/sanni.it\/blog\/\",\"name\":\"Blog Sanni\",\"description\":\"Ideenheft\",\"potentialAction\":[{\"@type\":\"SearchAction\",\"target\":{\"@type\":\"EntryPoint\",\"urlTemplate\":\"http:\/\/sanni.it\/blog\/?s={search_term_string}\"},\"query-input\":{\"@type\":\"PropertyValueSpecification\",\"valueRequired\":true,\"valueName\":\"search_term_string\"}}],\"inLanguage\":\"de\"}]}<\/script>\n<!-- \/ Yoast SEO plugin. -->","yoast_head_json":{"title":"SANNI design & kommunikation - Unser Ideenheft","description":"Als Agentur f\u00fcr Design & Kommunikation geht es in unserem Arbeitsalltag vor allem um Eines: Kreativit\u00e4t. In unserem Blog Ideenheft sammeln wir Inspiration.","robots":{"index":"index","follow":"follow","max-snippet":"max-snippet:-1","max-image-preview":"max-image-preview:large","max-video-preview":"max-video-preview:-1"},"canonical":"http:\/\/sanni.it\/blog\/ideenheft\/","og_locale":"de_DE","og_type":"article","og_title":"SANNI design & kommunikation - Unser Ideenheft","og_description":"Als Agentur f\u00fcr Design & Kommunikation geht es in unserem Arbeitsalltag vor allem um Eines: Kreativit\u00e4t. In unserem Blog Ideenheft sammeln wir Inspiration.","og_url":"http:\/\/sanni.it\/blog\/ideenheft\/","og_site_name":"Blog Sanni","article_modified_time":"2021-10-06T06:49:56+00:00","og_image":[{"width":1024,"height":683,"url":"http:\/\/sanni.it\/blog\/wp-content\/uploads\/2017\/03\/06-1-1024x683.jpg","type":"image\/jpeg"}],"twitter_card":"summary_large_image","twitter_misc":{"Gesch\u00e4tzte Lesezeit":"1\u00a0Minute"},"schema":{"@context":"https:\/\/schema.org","@graph":[{"@type":"WebPage","@id":"http:\/\/sanni.it\/blog\/ideenheft\/","url":"http:\/\/sanni.it\/blog\/ideenheft\/","name":"SANNI design & kommunikation - Unser Ideenheft","isPartOf":{"@id":"http:\/\/sanni.it\/blog\/#website"},"primaryImageOfPage":{"@id":"http:\/\/sanni.it\/blog\/ideenheft\/#primaryimage"},"image":{"@id":"http:\/\/sanni.it\/blog\/ideenheft\/#primaryimage"},"thumbnailUrl":"http:\/\/sanni.it\/blog\/wp-content\/uploads\/2017\/03\/06-1.jpg","datePublished":"2017-03-10T14:50:56+00:00","dateModified":"2021-10-06T06:49:56+00:00","description":"Als Agentur f\u00fcr Design & Kommunikation geht es in unserem Arbeitsalltag vor allem um Eines: Kreativit\u00e4t. In unserem Blog Ideenheft sammeln wir Inspiration.","breadcrumb":{"@id":"http:\/\/sanni.it\/blog\/ideenheft\/#breadcrumb"},"inLanguage":"de","potentialAction":[{"@type":"ReadAction","target":["http:\/\/sanni.it\/blog\/ideenheft\/"]}]},{"@type":"ImageObject","inLanguage":"de","@id":"http:\/\/sanni.it\/blog\/ideenheft\/#primaryimage","url":"http:\/\/sanni.it\/blog\/wp-content\/uploads\/2017\/03\/06-1.jpg","contentUrl":"http:\/\/sanni.it\/blog\/wp-content\/uploads\/2017\/03\/06-1.jpg","width":4272,"height":2848},{"@type":"BreadcrumbList","@id":"http:\/\/sanni.it\/blog\/ideenheft\/#breadcrumb","itemListElement":[{"@type":"ListItem","position":1,"name":"Startseite","item":"http:\/\/sanni.it\/blog\/"},{"@type":"ListItem","position":2,"name":"Ideenheft"}]},{"@type":"WebSite","@id":"http:\/\/sanni.it\/blog\/#website","url":"http:\/\/sanni.it\/blog\/","name":"Blog Sanni","description":"Ideenheft","potentialAction":[{"@type":"SearchAction","target":{"@type":"EntryPoint","urlTemplate":"http:\/\/sanni.it\/blog\/?s={search_term_string}"},"query-input":{"@type":"PropertyValueSpecification","valueRequired":true,"valueName":"search_term_string"}}],"inLanguage":"de"}]}},"_links":{"self":[{"href":"http:\/\/sanni.it\/blog\/wp-json\/wp\/v2\/pages\/39","targetHints":{"allow":["GET"]}}],"collection":[{"href":"http:\/\/sanni.it\/blog\/wp-json\/wp\/v2\/pages"}],"about":[{"href":"http:\/\/sanni.it\/blog\/wp-json\/wp\/v2\/types\/page"}],"author":[{"embeddable":true,"href":"http:\/\/sanni.it\/blog\/wp-json\/wp\/v2\/users\/2"}],"replies":[{"embeddable":true,"href":"http:\/\/sanni.it\/blog\/wp-json\/wp\/v2\/comments?post=39"}],"version-history":[{"count":16,"href":"http:\/\/sanni.it\/blog\/wp-json\/wp\/v2\/pages\/39\/revisions"}],"predecessor-version":[{"id":1109,"href":"http:\/\/sanni.it\/blog\/wp-json\/wp\/v2\/pages\/39\/revisions\/1109"}],"wp:featuredmedia":[{"embeddable":true,"href":"http:\/\/sanni.it\/blog\/wp-json\/wp\/v2\/media\/163"}],"wp:attachment":[{"href":"http:\/\/sanni.it\/blog\/wp-json\/wp\/v2\/media?parent=39"}],"curies":[{"name":"wp","href":"https:\/\/api.w.org\/{rel}","templated":true}]}}